{"id":548,"date":"2015-11-26T14:45:20","date_gmt":"2015-11-26T14:45:20","guid":{"rendered":"http:\/\/permedex.com\/cm2\/?page_id=548"},"modified":"2018-12-18T12:23:26","modified_gmt":"2018-12-18T11:23:26","slug":"contact-us","status":"publish","type":"page","link":"https:\/\/www.permedex.com\/cm2\/contact-us\/","title":{"rendered":"Kontakt"},"content":{"rendered":"<div class=\"wpb-content-wrapper\"><p>[vc_row full_width=&#8220;stretch_row&#8220; equal_height=&#8220;yes&#8220; content_placement=&#8220;middle&#8220; parallax=&#8220;content-moving&#8220; parallax_speed_bg=&#8220;5&#8243; css_animation=&#8220;fadeIn&#8220; css=&#8220;.vc_custom_1544628100509{padding-bottom: 80px !important;background-image: url(https:\/\/www.permedex.com\/cm2\/wp-content\/uploads\/2018\/12\/professional-doctor-with-stethoscope-close-up-P48RJST.png?id=9059) !important;background-position: center;background-repeat: no-repeat !important;background-size: cover !important;}&#8220; el_class=&#8220;hero&#8220;][vc_column][vc_empty_space][vc_custom_heading text=&#8220;Kontakt&#8220; font_container=&#8220;tag:h1|font_size:44|text_align:left|color:%23ffffff|line_height:46&#8243; google_fonts=&#8220;font_family:ABeeZee%3Aregular%2Citalic|font_style:400%20regular%3A400%3Anormal&#8220; css_animation=&#8220;left-to-right&#8220;][\/vc_column][\/vc_row][vc_row full_width=&#8220;stretch_row&#8220; css=&#8220;.vc_custom_1545131866959{background-color: #e0e0e0 !important;}&#8220;][vc_column width=&#8220;1\/2&#8243;][vc_column_text]<\/p>\n<h3>Wir freuen uns auf Ihre Kontaktaufnahme.<\/h3>\n<p>Zuerst ben\u00f6tigen wir von Ihnen nur eine kurze Information \u00fcber Ihr n\u00e4chstes berufliches Ziel und die gew\u00fcnschte Position. Rufen Sie uns einfach an, schicken Sie uns eine kurze Nachricht oder f\u00fcllen Sie das Kontaktformular aus. <br><br>Bitte senden Sie uns zun\u00e4chst keine Bewerbungsunterlagen per Post![\/vc_column_text][vc_column_text]<\/p>\n<address><strong>PERMEDEX Consulting GmbH<br \/>\nClara-Zetkin-Stra\u00dfe 14<br \/>\nD-07545 Gera<\/strong><br \/>\nFon: +49 365 773 008-0<br \/>\nFax: +49 365 773 008-29<br \/>\nE-mail:\u00a0<a>info@permedex.com<\/a><\/address>\n<p><b>Hotline: +49 365 773 008-0<br \/>\nWir rufen Sie gern zur\u00fcck<br \/>\nE-mail:\u00a0<a>personal@permedex.com<\/a>\u00a0<\/b>[\/vc_column_text][\/vc_column][vc_column width=&#8220;1\/2&#8243;]\n<div class=\"wpcf7 no-js\" id=\"wpcf7-f8013-o1\" lang=\"en-US\" dir=\"ltr\">\n<div class=\"screen-reader-response\"><p role=\"status\" aria-live=\"polite\" aria-atomic=\"true\"><\/p> <ul><\/ul><\/div>\n<form action=\"\/cm2\/wp-json\/wp\/v2\/pages\/548#wpcf7-f8013-o1\" method=\"post\" class=\"wpcf7-form init\" aria-label=\"Contact form\" novalidate=\"novalidate\" data-status=\"init\">\n<div style=\"display: none;\">\n<input type=\"hidden\" name=\"_wpcf7\" value=\"8013\" \/>\n<input type=\"hidden\" name=\"_wpcf7_version\" value=\"5.9.8\" \/>\n<input type=\"hidden\" name=\"_wpcf7_locale\" value=\"en_US\" \/>\n<input type=\"hidden\" name=\"_wpcf7_unit_tag\" value=\"wpcf7-f8013-o1\" \/>\n<input type=\"hidden\" name=\"_wpcf7_container_post\" value=\"0\" \/>\n<input type=\"hidden\" name=\"_wpcf7_posted_data_hash\" value=\"\" \/>\n<\/div>\n<p><label> %NAME%<br \/>\n<span class=\"wpcf7-form-control-wrap\" data-name=\"your-name\"><input size=\"40\" maxlength=\"400\" class=\"wpcf7-form-control wpcf7-text wpcf7-validates-as-required\" aria-required=\"true\" aria-invalid=\"false\" value=\"\" type=\"text\" name=\"your-name\" \/><\/span> <\/label>\n<\/p>\n<p><label> %EMAIL%<sup>*<\/sup><br \/>\n<span class=\"wpcf7-form-control-wrap\" data-name=\"your-email\"><input size=\"40\" maxlength=\"400\" class=\"wpcf7-form-control wpcf7-email wpcf7-validates-as-required wpcf7-text wpcf7-validates-as-email\" aria-required=\"true\" aria-invalid=\"false\" value=\"\" type=\"email\" name=\"your-email\" \/><\/span> <\/label>\n<\/p>\n<p><label> %betreff%<br \/>\n<span class=\"wpcf7-form-control-wrap\" data-name=\"your-subject\"><input size=\"40\" maxlength=\"400\" class=\"wpcf7-form-control wpcf7-text\" aria-invalid=\"false\" value=\"\" type=\"text\" name=\"your-subject\" \/><\/span> <\/label>\n<\/p>\n<p><label> %NACHRICHT%<br \/>\n<span class=\"wpcf7-form-control-wrap\" data-name=\"your-message\"><textarea cols=\"40\" rows=\"10\" maxlength=\"2000\" class=\"wpcf7-form-control wpcf7-textarea\" aria-invalid=\"false\" name=\"your-message\"><\/textarea><\/span> <\/label>\n<\/p>\n<p><input class=\"wpcf7-form-control wpcf7-submit has-spinner\" type=\"submit\" value=\"%abschicken%\" \/>\n<\/p><div class=\"wpcf7-response-output\" aria-hidden=\"true\"><\/div>\n<\/form>\n<\/div>\n[vc_empty_space][\/vc_column][\/vc_row][vc_row full_width=&#8220;stretch_row&#8220;][vc_column][vc_gmaps link=&#8220;#E-8_JTNDaWZyYW1lJTIwd2lkdGglM0QlMjIxMDAlMjUlMjIlMjBoZWlnaHQlM0QlMjI2MDAlMjIlMjBzcmMlM0QlMjJodHRwcyUzQSUyRiUyRm1hcHMuZ29vZ2xlLmNvbSUyRm1hcHMlM0Z3aWR0aCUzRDEwMCUyNSUyNmFtcCUzQmhlaWdodCUzRDYwMCUyNmFtcCUzQmhsJTNEZW4lMjZhbXAlM0JxJTNEQ2xhcmEtWmV0a2luLVN0cmElMjVDMyUyNTlGZSUyNTIwMTQlMjUyQyUyNTIwRC0wNzU0NSUyNTIwR2VyYSUyQiUyOFBlcm1lZGV4JTI5JTI2YW1wJTNCaWUlM0RVVEY4JTI2YW1wJTNCdCUzRCUyNmFtcCUzQnolM0QxNCUyNmFtcCUzQml3bG9jJTNEQiUyNmFtcCUzQm91dHB1dCUzRGVtYmVkJTIyJTIwZnJhbWVib3JkZXIlM0QlMjIwJTIyJTIwc2Nyb2xsaW5nJTNEJTIybm8lMjIlMjBtYXJnaW5oZWlnaHQlM0QlMjIwJTIyJTIwbWFyZ2lud2lkdGglM0QlMjIwJTIyJTNFJTNDYSUyMGhyZWYlM0QlMjJodHRwcyUzQSUyRiUyRnd3dy5tYXBzLmllJTJGbWFwLW15LXJvdXRlJTJGJTIyJTNFUGxvdCUyMGElMjByb3V0ZSUyMG1hcCUzQyUyRmElM0UlM0MlMkZpZnJhbWUlM0U=&#8220; title=&#8220;Anreise&#8220;][\/vc_column][\/vc_row][vc_row full_width=&#8220;stretch_row&#8220;][vc_column width=&#8220;1\/2&#8243;][vc_single_image image=&#8220;9009&#8243; img_size=&#8220;full&#8220;][\/vc_column][vc_column width=&#8220;1\/2&#8243;][vc_column_text]<strong>.. mit dem Auto aus Richtung Westen<\/strong><ul><li>Autobahn A4 Ausfahrt Gera-Langenberg<\/li><li>Richtung Zentrum fahren<\/li><li>der Berliner Stra\u00dfe (Stra\u00dfenbahn) folgen, bis man rechts in die C.-Zetkin-Stra\u00dfe abbiegen muss \u2013 Vorfahrt von links beachten!!!<\/li><li>auf der linken Stra\u00dfenseite die dritte Grundst\u00fcckseinfahrt nehmen, Parkplatz im Hof<\/li><\/ul><strong>.. mit dem Auto aus Richtung Osten<\/strong><ul><li>Autobahn A 4 Ausfahrt Gera-Leumnitz<\/li><li>Richtung Zentrum fahren \u00fcber Str. des Bergmanns, Altenburger Str. zur Gagarin-Str.<\/li><li>an der ersten Kreuzung nach links in die C.-Zetkin-Stra\u00dfe abbiegen <\/li><li>nach der Kreuzung mit der Stra\u00dfenbahn auf der linken Stra\u00dfenseite die dritte Grundst\u00fcckseinfahrt nehmen, Parkplatz im Hof.Falls Sie uns nicht gleich finden k\u00f6nnen, fragen Sie bitte nach dem \u201cPAULANER\u201d, unser B\u00fcro befindet sich in der Villa dieses bekannten Restaurants oder fragen Sie nach der Johanniskirche \u2013 dies ist Geras gr\u00f6\u00dfte Kirche, direkt gegen\u00fcber unserem B\u00fcro.<\/li><\/ul><strong>.. mit dem Zug<\/strong><ul><li>bis Gera Hauptbahnhof fahren, Fu\u00dfweg ca. 4 Minuten<\/li><\/ul><strong>.. mit dem Flugzeug<\/strong><ul><li>Flughafen Leipzig\/Halle von dort direkte Weiterfahrt mit dem Zug \u00fcber Leipzig Hbf m\u00f6glich<\/li><li>Flughafen N\u00fcrnberg mit der U-Bahn zum Hauptbahnhof, von dort mit dem Zug \u00fcber Saalfeld oder Hof nach Gera<\/li><\/ul>[\/vc_column_text][\/vc_column][\/vc_row][vc_row][vc_column][vc_empty_space][\/vc_column][\/vc_row]<\/p>\n<\/div>","protected":false},"excerpt":{"rendered":"<p>[vc_row full_width=&#8220;stretch_row&#8220; equal_height=&#8220;yes&#8220; content_placement=&#8220;middle&#8220; parallax=&#8220;content-moving&#8220; parallax_speed_bg=&#8220;5&#8243; css_animation=&#8220;fadeIn&#8220; css=&#8220;.vc_custom_1544628100509{padding-bottom: 80px !important;background-image: url(https:\/\/www.permedex.com\/cm2\/wp-content\/uploads\/2018\/12\/professional-doctor-with-stethoscope-close-up-P48RJST.png?id=9059) !important;background-position: center;background-repeat: no-repeat !important;background-size: cover !important;}&#8220; el_class=&#8220;hero&#8220;][vc_column][vc_empty_space][vc_custom_heading text=&#8220;Kontakt&#8220; font_container=&#8220;tag:h1|font_size:44|text_align:left|color:%23ffffff|line_height:46&#8243; google_fonts=&#8220;font_family:ABeeZee%3Aregular%2Citalic|font_style:400%20regular%3A400%3Anormal&#8220; css_animation=&#8220;left-to-right&#8220;][\/vc_column][\/vc_row][vc_row full_width=&#8220;stretch_row&#8220; css=&#8220;.vc_custom_1545131866959{background-color: #e0e0e0 !important;}&#8220;][vc_column width=&#8220;1\/2&#8243;][vc_column_text] Wir freuen uns auf Ihre Kontaktaufnahme. Zuerst ben\u00f6tigen wir von Ihnen nur eine kurze Information \u00fcber Ihr n\u00e4chstes berufliches Ziel und die gew\u00fcnschte Position. Rufen Sie uns einfach an, schicken Sie uns eine kurze Nachricht oder f\u00fcllen Sie das Kontaktformular aus. Bitte senden Sie uns zun\u00e4chst keine Bewerbungsunterlagen per Post![\/vc_column_text][vc_column_text] PERMEDEX Consulting GmbH Clara-Zetkin-Stra\u00dfe 14 D-07545 Gera Fon: +49 365 773 008-0 Fax: +49 365 773 008-29 E-mail:\u00a0info@permedex.com Hotline: +49 365 773 008-0 Wir rufen Sie gern zur\u00fcck E-mail:\u00a0personal@permedex.com\u00a0[\/vc_column_text][\/vc_column][vc_column width=&#8220;1\/2&#8243;][vc_empty_space][\/vc_column][\/vc_row][vc_row full_width=&#8220;stretch_row&#8220;][vc_column][vc_gmaps link=&#8220;#E-8_JTNDaWZyYW1lJTIwd2lkdGglM0QlMjIxMDAlMjUlMjIlMjBoZWlnaHQlM0QlMjI2MDAlMjIlMjBzcmMlM0QlMjJodHRwcyUzQSUyRiUyRm1hcHMuZ29vZ2xlLmNvbSUyRm1hcHMlM0Z3aWR0aCUzRDEwMCUyNSUyNmFtcCUzQmhlaWdodCUzRDYwMCUyNmFtcCUzQmhsJTNEZW4lMjZhbXAlM0JxJTNEQ2xhcmEtWmV0a2luLVN0cmElMjVDMyUyNTlGZSUyNTIwMTQlMjUyQyUyNTIwRC0wNzU0NSUyNTIwR2VyYSUyQiUyOFBlcm1lZGV4JTI5JTI2YW1wJTNCaWUlM0RVVEY4JTI2YW1wJTNCdCUzRCUyNmFtcCUzQnolM0QxNCUyNmFtcCUzQml3bG9jJTNEQiUyNmFtcCUzQm91dHB1dCUzRGVtYmVkJTIyJTIwZnJhbWVib3JkZXIlM0QlMjIwJTIyJTIwc2Nyb2xsaW5nJTNEJTIybm8lMjIlMjBtYXJnaW5oZWlnaHQlM0QlMjIwJTIyJTIwbWFyZ2lud2lkdGglM0QlMjIwJTIyJTNFJTNDYSUyMGhyZWYlM0QlMjJodHRwcyUzQSUyRiUyRnd3dy5tYXBzLmllJTJGbWFwLW15LXJvdXRlJTJGJTIyJTNFUGxvdCUyMGElMjByb3V0ZSUyMG1hcCUzQyUyRmElM0UlM0MlMkZpZnJhbWUlM0U=&#8220; title=&#8220;Anreise&#8220;][\/vc_column][\/vc_row][vc_row full_width=&#8220;stretch_row&#8220;][vc_column width=&#8220;1\/2&#8243;][vc_single_image image=&#8220;9009&#8243; img_size=&#8220;full&#8220;][\/vc_column][vc_column width=&#8220;1\/2&#8243;][vc_column_text].. mit dem Auto aus Richtung WestenAutobahn A4 Ausfahrt Gera-LangenbergRichtung Zentrum fahrender Berliner Stra\u00dfe (Stra\u00dfenbahn) folgen, bis man rechts in die C.-Zetkin-Stra\u00dfe abbiegen muss \u2013 Vorfahrt von links beachten!!!auf der linken Stra\u00dfenseite die dritte Grundst\u00fcckseinfahrt nehmen, Parkplatz im Hof.. mit dem Auto aus Richtung OstenAutobahn A 4 Ausfahrt Gera-LeumnitzRichtung Zentrum fahren \u00fcber Str. des Bergmanns, Altenburger Str. zur Gagarin-Str.an der ersten Kreuzung nach links in die C.-Zetkin-Stra\u00dfe abbiegen nach der Kreuzung mit der Stra\u00dfenbahn auf der linken Stra\u00dfenseite die dritte Grundst\u00fcckseinfahrt nehmen, Parkplatz im Hof.Falls Sie&#8230;.<\/p>\n","protected":false},"author":1,"featured_media":0,"parent":0,"menu_order":0,"comment_status":"closed","ping_status":"closed","template":"","meta":{"footnotes":""},"_links":{"self":[{"href":"https:\/\/www.permedex.com\/cm2\/wp-json\/wp\/v2\/pages\/548"}],"collection":[{"href":"https:\/\/www.permedex.com\/cm2\/wp-json\/wp\/v2\/pages"}],"about":[{"href":"https:\/\/www.permedex.com\/cm2\/wp-json\/wp\/v2\/types\/page"}],"author":[{"embeddable":true,"href":"https:\/\/www.permedex.com\/cm2\/wp-json\/wp\/v2\/users\/1"}],"replies":[{"embeddable":true,"href":"https:\/\/www.permedex.com\/cm2\/wp-json\/wp\/v2\/comments?post=548"}],"version-history":[{"count":18,"href":"https:\/\/www.permedex.com\/cm2\/wp-json\/wp\/v2\/pages\/548\/revisions"}],"predecessor-version":[{"id":9303,"href":"https:\/\/www.permedex.com\/cm2\/wp-json\/wp\/v2\/pages\/548\/revisions\/9303"}],"wp:attachment":[{"href":"https:\/\/www.permedex.com\/cm2\/wp-json\/wp\/v2\/media?parent=548"}],"curies":[{"name":"wp","href":"https:\/\/api.w.org\/{rel}","templated":true}]}}