{"id":8923,"date":"2018-02-19T08:10:16","date_gmt":"2018-02-19T07:10:16","guid":{"rendered":"http:\/\/permedex.com\/cm2\/?page_id=8923"},"modified":"2018-12-18T11:58:54","modified_gmt":"2018-12-18T10:58:54","slug":"kandidaten","status":"publish","type":"page","link":"https:\/\/www.permedex.com\/cm2\/kandidaten\/","title":{"rendered":"Kandidaten"},"content":{"rendered":"<div class=\"wpb-content-wrapper\"><p>[vc_row full_width=&#8220;stretch_row&#8220; equal_height=&#8220;yes&#8220; content_placement=&#8220;middle&#8220; parallax=&#8220;content-moving&#8220; parallax_speed_bg=&#8220;5&#8243; css_animation=&#8220;fadeIn&#8220; css=&#8220;.vc_custom_1544628042904{padding-bottom: 80px !important;background-image: url(https:\/\/www.permedex.com\/cm2\/wp-content\/uploads\/2018\/12\/professional-doctor-with-stethoscope-close-up-P48RJST.png?id=9059) !important;background-position: center;background-repeat: no-repeat !important;background-size: cover !important;}&#8220; el_class=&#8220;hero&#8220;][vc_column][vc_empty_space][vc_custom_heading text=&#8220;Kandidaten&#8220; font_container=&#8220;tag:h1|font_size:44|text_align:left|color:%23ffffff|line_height:46&#8243; google_fonts=&#8220;font_family:ABeeZee%3Aregular%2Citalic|font_style:400%20regular%3A400%3Anormal&#8220; css_animation=&#8220;left-to-right&#8220;][\/vc_column][\/vc_row][vc_row full_width=&#8220;stretch_row&#8220; css_animation=&#8220;fadeIn&#8220;][vc_column][vc_column_text]Wir sind ein international t\u00e4tiger Personaldienstleister und haben uns auf die Vermittlung von \u00c4rztinnen und \u00c4rzten spezialisiert.[\/vc_column_text][\/vc_column][\/vc_row][vc_row full_width=&#8220;stretch_row&#8220; equal_height=&#8220;yes&#8220; css=&#8220;.vc_custom_1544536756517{background-color: #f2f2f2 !important;background-position: 0 0 !important;background-repeat: no-repeat !important;}&#8220;][vc_column width=&#8220;1\/2&#8243;][vc_custom_heading text=&#8220;Grunds\u00e4tze&#8220;][vc_column_text]Absolute Diskretion und die Beachtung von Sperrvermerken sind f\u00fcr uns oberstes Gebot. Ohne Ihre ausdr\u00fcckliche vorherige Zustimmung erfolgt generell keine Weitergabe Ihrer pers\u00f6nlichen Daten, die wir ausschlie\u00dflich zum Zweck der Personalvermittlung entsprechend den gesetzlichen Vorgaben verwenden.<br><br>Ihre Kontaktaufnahme zu uns ist unverbindlich. Bei Interesse an einer bestimmten Vakanz gehen Sie keine vertragliche Bindung oder sonstige Verpflichtung mit uns ein.<br><br>Unsere T\u00e4tigkeit ist f\u00fcr unsere Kandidaten honorarfrei.[\/vc_column_text][\/vc_column][vc_column width=&#8220;1\/2&#8243; css=&#8220;.vc_custom_1544536940335{background-position: center !important;background-repeat: no-repeat !important;background-size: cover !important;}&#8220;][vc_single_image image=&#8220;9077&#8243; img_size=&#8220;full&#8220; css_animation=&#8220;right-to-left&#8220;][\/vc_column][\/vc_row][vc_row full_width=&#8220;stretch_row_content&#8220; content_placement=&#8220;middle&#8220; parallax=&#8220;content-moving&#8220; parallax_speed_bg=&#8220;20&#8243; css=&#8220;.vc_custom_1544550961980{margin-top: -35px !important;background-image: url(https:\/\/www.permedex.com\/cm2\/wp-content\/uploads\/2018\/12\/professional-doctor-with-stethoscope-close-up-P48RJST_blue.png?id=9101) !important;background-position: center;background-repeat: no-repeat !important;background-size: contain !important;}&#8220; el_class=&#8220;hero&#8220;][vc_column][vc_custom_heading text=&#8220;Vermittlungsprozess&#8220; font_container=&#8220;tag:h1|text_align:center|color:%23ffffff&#8220;][\/vc_column][vc_column width=&#8220;1\/6&#8243; el_id=&#8220;icon_one&#8220;][vc_icon icon_fontawesome=&#8220;fa fa-address-book-o&#8220; color=&#8220;white&#8220; background_style=&#8220;rounded-outline&#8220; size=&#8220;lg&#8220; align=&#8220;center&#8220; css_animation=&#8220;slideInLeft&#8220;][vc_column_text]<\/p>\n<p style=\"text-align: center;\"><span style=\"color: #ffffff;\">1. Bewerbung<\/span><\/p>\n<p>[\/vc_column_text][\/vc_column][vc_column width=&#8220;1\/6&#8243; el_id=&#8220;icon_two&#8220;][vc_icon icon_fontawesome=&#8220;fa fa-random&#8220; color=&#8220;white&#8220; background_style=&#8220;rounded-outline&#8220; size=&#8220;lg&#8220; align=&#8220;center&#8220; css_animation=&#8220;slideInLeft&#8220;][vc_column_text]<\/p>\n<p style=\"text-align: center;\"><span style=\"color: #ffffff;\">2. Informationen zum weiteren Ablauf<\/span><\/p>\n<p>[\/vc_column_text][\/vc_column][vc_column width=&#8220;1\/6&#8243; el_id=&#8220;icon_three&#8220;][vc_icon icon_fontawesome=&#8220;fa fa-comments-o&#8220; color=&#8220;white&#8220; background_style=&#8220;rounded-outline&#8220; size=&#8220;lg&#8220; align=&#8220;center&#8220; css_animation=&#8220;slideInLeft&#8220;][vc_column_text]<\/p>\n<p style=\"text-align: center;\"><span style=\"color: #ffffff;\">3. Vorstellungsgespr\u00e4ch<\/span><\/p>\n<p>[\/vc_column_text][\/vc_column][vc_column width=&#8220;1\/6&#8243; el_id=&#8220;icon_four&#8220;][vc_icon icon_fontawesome=&#8220;fa fa-handshake-o&#8220; color=&#8220;white&#8220; background_style=&#8220;rounded-outline&#8220; size=&#8220;lg&#8220; align=&#8220;center&#8220; css_animation=&#8220;slideInLeft&#8220;][vc_column_text]<\/p>\n<p style=\"text-align: center;\"><span style=\"color: #ffffff;\">4. Vertragsabschluss<\/span><\/p>\n<p>[\/vc_column_text][\/vc_column][vc_column width=&#8220;1\/6&#8243; el_id=&#8220;icon_five&#8220;][vc_icon icon_fontawesome=&#8220;fa fa-user-md&#8220; color=&#8220;white&#8220; background_style=&#8220;rounded-outline&#8220; size=&#8220;lg&#8220; align=&#8220;center&#8220; css_animation=&#8220;slideInLeft&#8220;][vc_column_text]<\/p>\n<p style=\"text-align: center;\"><span style=\"color: #ffffff;\">5. Arbeitsbeginn<\/span><\/p>\n<p>[\/vc_column_text][\/vc_column][\/vc_row][vc_row][vc_column width=&#8220;1\/2&#8243;][vc_column_text]Sie k\u00f6nnen uns entweder wegen eines ganz bestimmten Stellenangebots kontaktieren oder Sie teilen uns Ihre W\u00fcnsche f\u00fcr eine berufliche Weiterentwicklung ab einem bestimmten Zeitpunkt unter Angabe Ihrer fachlichen und regionalen Pr\u00e4ferenzen mit.<br><br>S\u00e4mtliche durch uns publizierten Stellenangebote sind freibleibend. Die Entscheidung \u00fcber eine Einladung zu einem Vorstellungsgespr\u00e4ch und das Angebot eines Besch\u00e4ftigungsvertrages liegt allein bei unseren Kunden.[\/vc_column_text][\/vc_column][vc_column width=&#8220;1\/2&#8243;]\n<div class=\"wpcf7 no-js\" id=\"wpcf7-f4-o1\" lang=\"de-DE\" dir=\"ltr\">\n<div class=\"screen-reader-response\"><p role=\"status\" aria-live=\"polite\" aria-atomic=\"true\"><\/p> <ul><\/ul><\/div>\n<form action=\"\/cm2\/wp-json\/wp\/v2\/pages\/8923#wpcf7-f4-o1\" method=\"post\" class=\"wpcf7-form init\" aria-label=\"Kontaktformular\" enctype=\"multipart\/form-data\" novalidate=\"novalidate\" data-status=\"init\">\n<div style=\"display: none;\">\n<input type=\"hidden\" name=\"_wpcf7\" value=\"4\" \/>\n<input type=\"hidden\" name=\"_wpcf7_version\" value=\"5.9.8\" \/>\n<input type=\"hidden\" name=\"_wpcf7_locale\" value=\"de_DE\" \/>\n<input type=\"hidden\" name=\"_wpcf7_unit_tag\" value=\"wpcf7-f4-o1\" \/>\n<input type=\"hidden\" name=\"_wpcf7_container_post\" value=\"0\" \/>\n<input type=\"hidden\" name=\"_wpcf7_posted_data_hash\" value=\"\" \/>\n<\/div>\n<h3>%ONLINE_BEWERBUNG%\n<\/h3>\n<p>%kontakttext1% %kontakttext2%\n<\/p>\n<p><label> %ANREDE%<!--<sup>*<\/sup>--> <\/label><br \/>\n<select name=\"menu-350\"><option value=\"%HERR%\">%HERR%<\/option><option value=\"%FRAU%\">%FRAU%<\/option><\/select>\n<\/p>\n<p><label> %Titel%<\/label><br \/>\n<span class=\"wpcf7-form-control-wrap\" data-name=\"menu-450\"><select class=\"wpcf7-form-control wpcf7-select\" aria-invalid=\"false\" name=\"menu-450\"><option value=\"-\">-<\/option><option value=\"Dr.\">Dr.<\/option><option value=\"Prof.\">Prof.<\/option><\/select><\/span>\n<\/p>\n<p><label> %VORNAME%<!--<sup>*<\/sup>--><\/label><br \/>\n<span class=\"wpcf7-form-control-wrap\" data-name=\"your-name\"><input size=\"40\" maxlength=\"400\" class=\"wpcf7-form-control wpcf7-text\" aria-invalid=\"false\" value=\"\" type=\"text\" name=\"your-name\" \/><\/span>\n<\/p>\n<p><label> %NAME%<!--<sup>*<\/sup>--><\/label><br \/>\n<span class=\"wpcf7-form-control-wrap\" data-name=\"your-surname\"><input size=\"40\" maxlength=\"400\" class=\"wpcf7-form-control wpcf7-text\" aria-invalid=\"false\" value=\"\" type=\"text\" name=\"your-surname\" \/><\/span>\n<\/p>\n<p><label> %EMAIL%<!--<sup>*<\/sup>--><\/label><br \/>\n<span class=\"wpcf7-form-control-wrap\" data-name=\"your-email\"><input size=\"40\" maxlength=\"400\" class=\"wpcf7-form-control wpcf7-email wpcf7-text wpcf7-validates-as-email\" aria-invalid=\"false\" value=\"\" type=\"email\" name=\"your-email\" \/><\/span>\n<\/p>\n<p><label> %TELEFON%<!--<sup>*<\/sup>--><\/label><br \/>\n<span class=\"wpcf7-form-control-wrap\" data-name=\"your-telefon\"><input size=\"40\" maxlength=\"400\" class=\"wpcf7-form-control wpcf7-tel wpcf7-text wpcf7-validates-as-tel\" aria-invalid=\"false\" value=\"\" type=\"tel\" name=\"your-telefon\" \/><\/span>\n<\/p>\n<p><label> %STELLE%\/ %NACHRICHT% <\/label><br \/>\n<span class=\"wpcf7-form-control-wrap\" data-name=\"position_notice\"><textarea cols=\"40\" rows=\"10\" maxlength=\"2000\" class=\"wpcf7-form-control wpcf7-textarea\" aria-invalid=\"false\" placeholder=\"%STELLE%\/ %NACHRICHT%\" name=\"position_notice\"><\/textarea><\/span>\n<\/p>\n<p><label>%BEWERBUNG_UPLOAD%<br \/>\n(max. 20MB, doc, docx, pdf, pages, zip) <\/label><br \/>\n<span class=\"wpcf7-form-control-wrap\" data-name=\"file-959\"><input size=\"40\" class=\"wpcf7-form-control wpcf7-file\" accept=\".doc,.docx,.pdf,.zip,.pages\" aria-invalid=\"false\" type=\"file\" name=\"file-959\" \/><\/span>\n<\/p>\n<div style=\"margin-top:-20px;margin-bottom:20px;\">\n\t<p><label style=\"font-weight:bold;\"><\/label>\n\t<\/p>\n\t<div style=\"float:left; width:10%;\">\n\t\t<p><span class=\"wpcf7-form-control-wrap\" data-name=\"agb_check\"><span class=\"wpcf7-form-control wpcf7-acceptance\"><span class=\"wpcf7-list-item\"><input type=\"checkbox\" name=\"agb_check\" value=\"1\" aria-invalid=\"false\" \/><\/span><\/span><\/span>\n\t\t<\/p>\n\t<\/div>\n\t<div style=\"float:left; width:80%;\">\n\t\t<p>%agb%\n\t\t<\/p>\n\t<\/div>\n<\/div>\n<p><input class=\"wpcf7-form-control wpcf7-submit has-spinner\" type=\"submit\" value=\"%abschicken%\" \/><br \/>\n<!--<sup>*<\/sup> %pflicht%-->\n<\/p><div class=\"wpcf7-response-output\" aria-hidden=\"true\"><\/div>\n<\/form>\n<\/div>\n[\/vc_column][\/vc_row][vc_row][vc_column][vc_empty_space][\/vc_column][\/vc_row]<\/p>\n<\/div>","protected":false},"excerpt":{"rendered":"<p>[vc_row full_width=&#8220;stretch_row&#8220; equal_height=&#8220;yes&#8220; content_placement=&#8220;middle&#8220; parallax=&#8220;content-moving&#8220; parallax_speed_bg=&#8220;5&#8243; css_animation=&#8220;fadeIn&#8220; css=&#8220;.vc_custom_1544628042904{padding-bottom: 80px !important;background-image: url(https:\/\/www.permedex.com\/cm2\/wp-content\/uploads\/2018\/12\/professional-doctor-with-stethoscope-close-up-P48RJST.png?id=9059) !important;background-position: center;background-repeat: no-repeat !important;background-size: cover !important;}&#8220; el_class=&#8220;hero&#8220;][vc_column][vc_empty_space][vc_custom_heading text=&#8220;Kandidaten&#8220; font_container=&#8220;tag:h1|font_size:44|text_align:left|color:%23ffffff|line_height:46&#8243; google_fonts=&#8220;font_family:ABeeZee%3Aregular%2Citalic|font_style:400%20regular%3A400%3Anormal&#8220; css_animation=&#8220;left-to-right&#8220;][\/vc_column][\/vc_row][vc_row full_width=&#8220;stretch_row&#8220; css_animation=&#8220;fadeIn&#8220;][vc_column][vc_column_text]Wir sind ein international t\u00e4tiger Personaldienstleister und haben uns auf die Vermittlung von \u00c4rztinnen und \u00c4rzten spezialisiert.[\/vc_column_text][\/vc_column][\/vc_row][vc_row full_width=&#8220;stretch_row&#8220; equal_height=&#8220;yes&#8220; css=&#8220;.vc_custom_1544536756517{background-color: #f2f2f2 !important;background-position: 0 0 !important;background-repeat: no-repeat !important;}&#8220;][vc_column width=&#8220;1\/2&#8243;][vc_custom_heading text=&#8220;Grunds\u00e4tze&#8220;][vc_column_text]Absolute Diskretion und die Beachtung von Sperrvermerken sind f\u00fcr uns oberstes Gebot. Ohne Ihre ausdr\u00fcckliche vorherige Zustimmung erfolgt generell keine Weitergabe Ihrer pers\u00f6nlichen Daten, die wir ausschlie\u00dflich zum Zweck der Personalvermittlung entsprechend den gesetzlichen Vorgaben verwenden.Ihre Kontaktaufnahme zu uns ist unverbindlich. Bei Interesse an einer bestimmten Vakanz gehen Sie keine vertragliche Bindung oder sonstige Verpflichtung mit uns ein.Unsere T\u00e4tigkeit ist f\u00fcr unsere Kandidaten honorarfrei.[\/vc_column_text][\/vc_column][vc_column width=&#8220;1\/2&#8243; css=&#8220;.vc_custom_1544536940335{background-position: center !important;background-repeat: no-repeat !important;background-size: cover !important;}&#8220;][vc_single_image image=&#8220;9077&#8243; img_size=&#8220;full&#8220; css_animation=&#8220;right-to-left&#8220;][\/vc_column][\/vc_row][vc_row full_width=&#8220;stretch_row_content&#8220; content_placement=&#8220;middle&#8220; parallax=&#8220;content-moving&#8220; parallax_speed_bg=&#8220;20&#8243; css=&#8220;.vc_custom_1544550961980{margin-top: -35px !important;background-image: url(https:\/\/www.permedex.com\/cm2\/wp-content\/uploads\/2018\/12\/professional-doctor-with-stethoscope-close-up-P48RJST_blue.png?id=9101) !important;background-position: center;background-repeat: no-repeat !important;background-size: contain !important;}&#8220; el_class=&#8220;hero&#8220;][vc_column][vc_custom_heading text=&#8220;Vermittlungsprozess&#8220; font_container=&#8220;tag:h1|text_align:center|color:%23ffffff&#8220;][\/vc_column][vc_column width=&#8220;1\/6&#8243; el_id=&#8220;icon_one&#8220;][vc_icon icon_fontawesome=&#8220;fa fa-address-book-o&#8220; color=&#8220;white&#8220; background_style=&#8220;rounded-outline&#8220; size=&#8220;lg&#8220; align=&#8220;center&#8220; css_animation=&#8220;slideInLeft&#8220;][vc_column_text] 1. Bewerbung [\/vc_column_text][\/vc_column][vc_column width=&#8220;1\/6&#8243; el_id=&#8220;icon_two&#8220;][vc_icon icon_fontawesome=&#8220;fa fa-random&#8220; color=&#8220;white&#8220; background_style=&#8220;rounded-outline&#8220; size=&#8220;lg&#8220; align=&#8220;center&#8220; css_animation=&#8220;slideInLeft&#8220;][vc_column_text] 2. Informationen zum weiteren Ablauf [\/vc_column_text][\/vc_column][vc_column width=&#8220;1\/6&#8243; el_id=&#8220;icon_three&#8220;][vc_icon icon_fontawesome=&#8220;fa fa-comments-o&#8220; color=&#8220;white&#8220; background_style=&#8220;rounded-outline&#8220; size=&#8220;lg&#8220; align=&#8220;center&#8220; css_animation=&#8220;slideInLeft&#8220;][vc_column_text] 3. Vorstellungsgespr\u00e4ch [\/vc_column_text][\/vc_column][vc_column width=&#8220;1\/6&#8243; el_id=&#8220;icon_four&#8220;][vc_icon icon_fontawesome=&#8220;fa fa-handshake-o&#8220; color=&#8220;white&#8220; background_style=&#8220;rounded-outline&#8220; size=&#8220;lg&#8220; align=&#8220;center&#8220; css_animation=&#8220;slideInLeft&#8220;][vc_column_text] 4. Vertragsabschluss [\/vc_column_text][\/vc_column][vc_column width=&#8220;1\/6&#8243; el_id=&#8220;icon_five&#8220;][vc_icon icon_fontawesome=&#8220;fa fa-user-md&#8220; color=&#8220;white&#8220; background_style=&#8220;rounded-outline&#8220;&#8230;.<\/p>\n","protected":false},"author":1,"featured_media":0,"parent":0,"menu_order":0,"comment_status":"closed","ping_status":"closed","template":"","meta":{"footnotes":""},"_links":{"self":[{"href":"https:\/\/www.permedex.com\/cm2\/wp-json\/wp\/v2\/pages\/8923"}],"collection":[{"href":"https:\/\/www.permedex.com\/cm2\/wp-json\/wp\/v2\/pages"}],"about":[{"href":"https:\/\/www.permedex.com\/cm2\/wp-json\/wp\/v2\/types\/page"}],"author":[{"embeddable":true,"href":"https:\/\/www.permedex.com\/cm2\/wp-json\/wp\/v2\/users\/1"}],"replies":[{"embeddable":true,"href":"https:\/\/www.permedex.com\/cm2\/wp-json\/wp\/v2\/comments?post=8923"}],"version-history":[{"count":126,"href":"https:\/\/www.permedex.com\/cm2\/wp-json\/wp\/v2\/pages\/8923\/revisions"}],"predecessor-version":[{"id":9289,"href":"https:\/\/www.permedex.com\/cm2\/wp-json\/wp\/v2\/pages\/8923\/revisions\/9289"}],"wp:attachment":[{"href":"https:\/\/www.permedex.com\/cm2\/wp-json\/wp\/v2\/media?parent=8923"}],"curies":[{"name":"wp","href":"https:\/\/api.w.org\/{rel}","templated":true}]}}