{"id":8945,"date":"2018-02-19T08:23:05","date_gmt":"2018-02-19T07:23:05","guid":{"rendered":"http:\/\/permedex.com\/cm2\/?page_id=8945"},"modified":"2018-12-18T11:58:12","modified_gmt":"2018-12-18T10:58:12","slug":"impressum","status":"publish","type":"page","link":"https:\/\/www.permedex.com\/cm2\/impressum\/","title":{"rendered":"Impressum"},"content":{"rendered":"<div class=\"wpb-content-wrapper\"><p>[vc_row][vc_column][vc_custom_heading text=&#8220;Impressum&#8220; font_container=&#8220;tag:h1|text_align:left&#8220; css=&#8220;.vc_custom_1544889410079{margin-top: 50px !important;}&#8220;][\/vc_column][\/vc_row][vc_row][vc_column width=&#8220;1\/4&#8243;][vc_column_text]<strong>PERMEDEX Consulting GmbH<\/strong><\/p>\n<p>Sitz der Gesellschaft: Gera<br \/>\nPostanschrift:<br \/>\nClara-Zetkin-Stra\u00dfe 14<br \/>\nD-07545 Gera<\/p>\n<p>Fon: +49 365 773 008-0<br \/>\nFax: +49 365 773 008-29<br \/>\nE-Mail: info@permedex.com<\/p>\n<p>Gesch\u00e4ftsf\u00fchrer: Dipl.-Kfm. Reinhard Hirsch<\/p>\n<p>Registergericht: Jena<br \/>\nRegistereintrag: HR-B 501609<br \/>\nFinanzamt Gera<br \/>\nSteuernummer: 161\/116\/08966<br \/>\nUSt.-IdNr.: DE255244454<\/p>\n<p>Quellenangabe und Copyright Fotos: fotolia.de[\/vc_column_text][\/vc_column][vc_column width=&#8220;3\/4&#8243;][vc_column_text]<strong>Haftungsausschluss und Copyright<\/strong><br \/>\nDiese Internetseiten bieten Ihnen eine Vielzahl von Informationen, die regelm\u00e4\u00dfig aktualisiert werden. Sie k\u00f6nnen unsere Informationen speichern und nach vorheriger Absprache Verkn\u00fcpfungen zu unseren Seiten einrichten. Die Informationen d\u00fcrfen nicht ver\u00e4ndert oder verf\u00e4lscht werden.<\/p>\n<p><strong>Inhalt der eigenen Seiten<\/strong><br \/>\nDie Haftung f\u00fcr die Aktualit\u00e4t, Vollst\u00e4ndigkeit oder Qualit\u00e4t ist ausgeschlossen. Alle kostenfreien Angebote sind unverbindlich. Die Redaktion beh\u00e4lt es sich vor, jederzeit ohne vorherige Ank\u00fcndigung das Angebot zu ver\u00e4ndern, zu erg\u00e4nzen, zu l\u00f6schen oder die Ver\u00f6ffentlichung einzustellen.<\/p>\n<p><strong>Links auf Web-Sites Dritter<\/strong><br \/>\nDie ver\u00f6ffentlichten Links werden mit gr\u00f6\u00dftm\u00f6glicher Sorgfalt recherchiert und zusammengestellt. Die Redaktion hat keinen Einfluss auf die aktuelle und zuk\u00fcnftige Gestaltung und Inhalte der verlinkten Seiten. Die Redaktion ist nicht f\u00fcr den Inhalt der verkn\u00fcpften Seiten verantwortlich und macht sich den Inhalt nicht zu eigen. F\u00fcr illegale, fehlerhafte oder unvollst\u00e4ndige Inhalte sowie f\u00fcr Sch\u00e4den, die durch die Nutzung oder Nichtnutzung der Informationen entstehen, haftet allein der Anbieter der Website, auf die verwiesen wurde. Die Haftung desjenigen, der lediglich auf die Ver\u00f6ffentlichung durch einen Link hinweist, ist ausgeschlossen. F\u00fcr fremde Inhalte ist die Redaktion nur dann verantwortlich, wenn sie von ihnen, d.h. auch von einem eventuellen rechtswidrigen bzw. strafbaren Inhalt, positive Kenntnis hat, und es technisch m\u00f6glich und zumutbar ist, deren Nutzung zu verhindern.[\/vc_column_text][\/vc_column][\/vc_row]<\/p>\n<\/div>","protected":false},"excerpt":{"rendered":"<p>[vc_row][vc_column][vc_custom_heading text=&#8220;Impressum&#8220; font_container=&#8220;tag:h1|text_align:left&#8220; css=&#8220;.vc_custom_1544889410079{margin-top: 50px !important;}&#8220;][\/vc_column][\/vc_row][vc_row][vc_column width=&#8220;1\/4&#8243;][vc_column_text]PERMEDEX Consulting GmbH Sitz der Gesellschaft: Gera Postanschrift: Clara-Zetkin-Stra\u00dfe 14 D-07545 Gera Fon: +49 365 773 008-0 Fax: +49 365 773 008-29 E-Mail: info@permedex.com Gesch\u00e4ftsf\u00fchrer: Dipl.-Kfm. Reinhard Hirsch Registergericht: Jena Registereintrag: HR-B 501609 Finanzamt Gera Steuernummer: 161\/116\/08966 USt.-IdNr.: DE255244454 Quellenangabe und Copyright Fotos: fotolia.de[\/vc_column_text][\/vc_column][vc_column width=&#8220;3\/4&#8243;][vc_column_text]Haftungsausschluss und Copyright Diese Internetseiten bieten Ihnen eine Vielzahl von Informationen, die regelm\u00e4\u00dfig aktualisiert werden. Sie k\u00f6nnen unsere Informationen speichern und nach vorheriger Absprache Verkn\u00fcpfungen zu unseren Seiten einrichten. Die Informationen d\u00fcrfen nicht ver\u00e4ndert oder verf\u00e4lscht werden. Inhalt der eigenen Seiten Die Haftung f\u00fcr die Aktualit\u00e4t, Vollst\u00e4ndigkeit oder Qualit\u00e4t ist ausgeschlossen. Alle kostenfreien Angebote sind unverbindlich. Die Redaktion beh\u00e4lt es sich vor, jederzeit ohne vorherige Ank\u00fcndigung das Angebot zu ver\u00e4ndern, zu erg\u00e4nzen, zu l\u00f6schen oder die Ver\u00f6ffentlichung einzustellen. Links auf Web-Sites Dritter Die ver\u00f6ffentlichten Links werden mit gr\u00f6\u00dftm\u00f6glicher Sorgfalt recherchiert und zusammengestellt. Die Redaktion hat keinen Einfluss auf die aktuelle und zuk\u00fcnftige Gestaltung und Inhalte der verlinkten Seiten. Die Redaktion ist nicht f\u00fcr den Inhalt der verkn\u00fcpften Seiten verantwortlich und macht sich den Inhalt nicht zu eigen. F\u00fcr illegale, fehlerhafte oder unvollst\u00e4ndige Inhalte sowie f\u00fcr Sch\u00e4den, die durch die Nutzung oder Nichtnutzung der Informationen entstehen, haftet allein der Anbieter der&#8230;.<\/p>\n","protected":false},"author":1,"featured_media":0,"parent":0,"menu_order":0,"comment_status":"closed","ping_status":"closed","template":"","meta":{"footnotes":""},"_links":{"self":[{"href":"https:\/\/www.permedex.com\/cm2\/wp-json\/wp\/v2\/pages\/8945"}],"collection":[{"href":"https:\/\/www.permedex.com\/cm2\/wp-json\/wp\/v2\/pages"}],"about":[{"href":"https:\/\/www.permedex.com\/cm2\/wp-json\/wp\/v2\/types\/page"}],"author":[{"embeddable":true,"href":"https:\/\/www.permedex.com\/cm2\/wp-json\/wp\/v2\/users\/1"}],"replies":[{"embeddable":true,"href":"https:\/\/www.permedex.com\/cm2\/wp-json\/wp\/v2\/comments?post=8945"}],"version-history":[{"count":7,"href":"https:\/\/www.permedex.com\/cm2\/wp-json\/wp\/v2\/pages\/8945\/revisions"}],"predecessor-version":[{"id":9286,"href":"https:\/\/www.permedex.com\/cm2\/wp-json\/wp\/v2\/pages\/8945\/revisions\/9286"}],"wp:attachment":[{"href":"https:\/\/www.permedex.com\/cm2\/wp-json\/wp\/v2\/media?parent=8945"}],"curies":[{"name":"wp","href":"https:\/\/api.w.org\/{rel}","templated":true}]}}